{"id":7,"date":"2024-04-01T12:03:27","date_gmt":"2024-04-01T09:03:27","guid":{"rendered":"https:\/\/dewapoker.news\/?page_id=7"},"modified":"2024-04-02T12:06:58","modified_gmt":"2024-04-02T09:06:58","slug":"play-online-poker-in-an-online-casino","status":"publish","type":"page","link":"https:\/\/dewapoker.news\/es\/","title":{"rendered":"Jugar p\u00f3quer en l\u00ednea en un casino en l\u00ednea"},"content":{"rendered":"<p>En un mundo donde cada carta y cada giro no solo pueden traer emoci\u00f3n sino tambi\u00e9n un camino hacia la maestr\u00eda, nuestro sitio web ilumina el camino hacia tu victoria. No somos solo un sitio de rese\u00f1as; somos tu navegante a trav\u00e9s del universo de juegos de p\u00f3ker y tragamonedas, ofreciendo an\u00e1lisis detallado, consejos de expertos y las \u00faltimas noticias del mundo del juego. Aqu\u00ed encontrar\u00e1s todo lo que necesitas para un juego exitoso, ya sea estrategias que te llevar\u00e1n a la victoria o conocimientos sobre las tragamonedas m\u00e1s rentables de la industria.<\/p>\n<h2><strong>Explora el mundo del p\u00f3ker con nosotros<\/strong><\/h2>\n<p>Desde emocionantes torneos hasta juegos de efectivo exclusivos, nuestro sitio ofrece rese\u00f1as completas de todo tipo de juegos de p\u00f3ker. Te sumergimos en el mundo del Texas Hold&#8217;em, revelando los secretos del \u00e9xito, ense\u00f1ando estrategias y proporcionando an\u00e1lisis de situaciones reales de juego. Nuestra colecci\u00f3n de art\u00edculos sobre Omaha, Stud y otras variantes de p\u00f3ker te ayudar\u00e1 a ampliar tus conocimientos y habilidades. Tambi\u00e9n compartimos historias de \u00e9xito de jugadores famosos para inspirarte a nuevos logros.<\/p>\n<h2><strong>Sum\u00e9rgete en el emocionante mundo de las tragamonedas<\/strong><\/h2>\n<p>Cientos de tragamonedas esperan tu atenci\u00f3n en nuestro sitio web. Ofrecemos rese\u00f1as detalladas de los mejores juegos de los principales desarrolladores, incluida informaci\u00f3n sobre temas, bonificaciones, botes y estrategias para maximizar tus ganancias. Desde tragamonedas cl\u00e1sicas de frutas hasta los \u00faltimos lanzamientos con mec\u00e1nicas innovadoras, nuestro objetivo es permitirte elegir un juego que se adapte perfectamente a tu estilo y preferencias.<\/p>\n<h2><strong>\u00bfPor qu\u00e9 nuestro sitio web?<\/strong><\/h2>\n<ul>\n<li><strong>Profundidad y Calidad de las Rese\u00f1as:<\/strong> Nuestro equipo investiga y analiza constantemente los juegos para brindarte la informaci\u00f3n m\u00e1s precisa y actualizada.<\/li>\n<li><strong>Aprendizaje Continuo:<\/strong> Ofrecemos materiales educativos y tutoriales en video para ayudarte a mejorar tus habilidades, independientemente de tu nivel.<\/li>\n<li><strong>Opini\u00f3n de Expertos:<\/strong> Nuestros rangos incluyen jugadores y analistas experimentados listos para compartir sus conocimientos e informaci\u00f3n privilegiada.<\/li>\n<li><strong>Comunidad Din\u00e1mica:<\/strong> Construimos una comunidad activa de jugadores donde puedes comunicarte, compartir experiencias y recibir apoyo de personas con ideas afines.<\/li>\n<\/ul>\n<h2><strong>\u00a1Tu viaje a las alturas del juego comienza aqu\u00ed!<\/strong><\/h2>\n<p>En nuestro sitio web, cada jugador, independientemente de su experiencia y nivel, encontrar\u00e1 algo \u00fatil e interesante. Nuestro sitio ser\u00e1 tu gu\u00eda confiable en el mundo del p\u00f3ker y las tragamonedas, brind\u00e1ndote las herramientas y el conocimiento necesarios para el \u00e9xito.<\/p>\n<p>\u00danete a nosotros hoy y comienza a escribir tu historia de \u00e9xito en el mundo del juego. Juntos, podemos alcanzar la maestr\u00eda, ganar grandes torneos y alcanzar el jackpot. Que cada entrada al juego sea el comienzo de una nueva y emocionante aventura, llena de imprevisibilidad, estrategia y, por supuesto, suerte.<\/p>\n","protected":false},"excerpt":{"rendered":"<p>En un mundo donde cada carta y cada giro no solo pueden traer emoci\u00f3n sino tambi\u00e9n un camino hacia la maestr\u00eda, nuestro sitio web ilumina el camino hacia tu victoria. No somos solo un sitio de rese\u00f1as; somos tu navegante a trav\u00e9s del universo de juegos de p\u00f3ker y tragamonedas, ofreciendo an\u00e1lisis detallado, consejos de expertos y las \u00faltimas noticias del mundo del juego. Aqu\u00ed encontrar\u00e1s todo lo que necesitas para un juego exitoso, ya&hellip; <\/p>\n","protected":false},"author":1,"featured_media":0,"parent":0,"menu_order":0,"comment_status":"closed","ping_status":"closed","template":"","meta":{"footnotes":""},"class_list":["post-7","page","type-page","status-publish","hentry"],"yoast_head":"<!-- This site is optimized with the Yoast SEO plugin v27.2 - https:\/\/yoast.com\/product\/yoast-seo-wordpress\/ -->\n<title>Play poker in an online casino<\/title>\n<meta name=\"description\" content=\"Tragamonedas en l\u00ednea, juegos de p\u00f3ker en vivo en un casino en l\u00ednea. Juega gratis y por dinero real. Descarga, aplicaci\u00f3n para iPhone y Android. Tragamonedas. P\u00f3ker y juegos de azar.\" \/>\n<meta name=\"robots\" content=\"index, follow, max-snippet:-1, max-image-preview:large, max-video-preview:-1\" \/>\n<link rel=\"canonical\" href=\"https:\/\/dewapoker.news\/es\/\" \/>\n<meta property=\"og:locale\" content=\"es_ES\" \/>\n<meta property=\"og:locale:alternate\" content=\"ru_RU\" \/>\n<meta property=\"og:locale:alternate\" content=\"en_US\" \/>\n<meta property=\"og:type\" content=\"article\" \/>\n<meta property=\"og:title\" content=\"Play poker in an online casino\" \/>\n<meta property=\"og:description\" content=\"Online slots, live poker games in an online casino. Play for free and for real money. Download, iPhone and Android app. Slots. Poker and gambling games.\" \/>\n<meta property=\"og:url\" content=\"https:\/\/dewapoker.news\/es\/\" \/>\n<meta property=\"og:site_name\" content=\"Poker\" \/>\n<meta property=\"article:modified_time\" content=\"2024-04-02T09:06:58+00:00\" \/>\n<meta name=\"twitter:card\" content=\"summary_large_image\" \/>\n<meta name=\"twitter:label1\" content=\"Tiempo de lectura\" \/>\n\t<meta name=\"twitter:data1\" content=\"4 minutos\" \/>\n<script type=\"application\/ld+json\" class=\"yoast-schema-graph\">{\"@context\":\"https:\/\/schema.org\",\"@graph\":[{\"@type\":\"WebPage\",\"@id\":\"https:\/\/dewapoker.news\/\",\"url\":\"https:\/\/dewapoker.news\/\",\"name\":\"Play poker in an online casino\",\"isPartOf\":{\"@id\":\"https:\/\/dewapoker.news\/#website\"},\"datePublished\":\"2024-04-01T09:03:27+00:00\",\"dateModified\":\"2024-04-02T09:06:58+00:00\",\"description\":\"Online slots, live poker games in an online casino. Play for free and for real money. Download, iPhone and Android app. Slots. Poker and gambling games.\",\"breadcrumb\":{\"@id\":\"https:\/\/dewapoker.news\/#breadcrumb\"},\"inLanguage\":\"es-ES\",\"potentialAction\":[{\"@type\":\"ReadAction\",\"target\":[\"https:\/\/dewapoker.news\/\"]}]},{\"@type\":\"BreadcrumbList\",\"@id\":\"https:\/\/dewapoker.news\/#breadcrumb\",\"itemListElement\":[{\"@type\":\"ListItem\",\"position\":1,\"name\":\"\u0413\u043b\u0430\u0432\u043d\u0430\u044f \u0441\u0442\u0440\u0430\u043d\u0438\u0446\u0430\",\"item\":\"https:\/\/dewapoker.news\/\"},{\"@type\":\"ListItem\",\"position\":2,\"name\":\"Play online poker in an online casino\"}]},{\"@type\":\"WebSite\",\"@id\":\"https:\/\/dewapoker.news\/#website\",\"url\":\"https:\/\/dewapoker.news\/\",\"name\":\"Poker\",\"description\":\"\",\"potentialAction\":[{\"@type\":\"SearchAction\",\"target\":{\"@type\":\"EntryPoint\",\"urlTemplate\":\"https:\/\/dewapoker.news\/?s={search_term_string}\"},\"query-input\":{\"@type\":\"PropertyValueSpecification\",\"valueRequired\":true,\"valueName\":\"search_term_string\"}}],\"inLanguage\":\"es-ES\"}]}<\/script>\n<!-- \/ Yoast SEO plugin. -->","yoast_head_json":{"title":"Play poker in an online casino","description":"Tragamonedas en l\u00ednea, juegos de p\u00f3ker en vivo en un casino en l\u00ednea. Juega gratis y por dinero real. Descarga, aplicaci\u00f3n para iPhone y Android. Tragamonedas. P\u00f3ker y juegos de azar.","robots":{"index":"index","follow":"follow","max-snippet":"max-snippet:-1","max-image-preview":"max-image-preview:large","max-video-preview":"max-video-preview:-1"},"canonical":"https:\/\/dewapoker.news\/es\/","og_locale":"es_ES","og_type":"article","og_title":"Play poker in an online casino","og_description":"Online slots, live poker games in an online casino. Play for free and for real money. Download, iPhone and Android app. Slots. Poker and gambling games.","og_url":"https:\/\/dewapoker.news\/es\/","og_site_name":"Poker","article_modified_time":"2024-04-02T09:06:58+00:00","twitter_card":"summary_large_image","twitter_misc":{"Tiempo de lectura":"4 minutos"},"schema":{"@context":"https:\/\/schema.org","@graph":[{"@type":"WebPage","@id":"https:\/\/dewapoker.news\/","url":"https:\/\/dewapoker.news\/","name":"Play poker in an online casino","isPartOf":{"@id":"https:\/\/dewapoker.news\/#website"},"datePublished":"2024-04-01T09:03:27+00:00","dateModified":"2024-04-02T09:06:58+00:00","description":"Online slots, live poker games in an online casino. Play for free and for real money. Download, iPhone and Android app. Slots. Poker and gambling games.","breadcrumb":{"@id":"https:\/\/dewapoker.news\/#breadcrumb"},"inLanguage":"es-ES","potentialAction":[{"@type":"ReadAction","target":["https:\/\/dewapoker.news\/"]}]},{"@type":"BreadcrumbList","@id":"https:\/\/dewapoker.news\/#breadcrumb","itemListElement":[{"@type":"ListItem","position":1,"name":"\u0413\u043b\u0430\u0432\u043d\u0430\u044f \u0441\u0442\u0440\u0430\u043d\u0438\u0446\u0430","item":"https:\/\/dewapoker.news\/"},{"@type":"ListItem","position":2,"name":"Play online poker in an online casino"}]},{"@type":"WebSite","@id":"https:\/\/dewapoker.news\/#website","url":"https:\/\/dewapoker.news\/","name":"Poker","description":"","potentialAction":[{"@type":"SearchAction","target":{"@type":"EntryPoint","urlTemplate":"https:\/\/dewapoker.news\/?s={search_term_string}"},"query-input":{"@type":"PropertyValueSpecification","valueRequired":true,"valueName":"search_term_string"}}],"inLanguage":"es-ES"}]}},"_links":{"self":[{"href":"https:\/\/dewapoker.news\/es\/wp-json\/wp\/v2\/pages\/7","targetHints":{"allow":["GET"]}}],"collection":[{"href":"https:\/\/dewapoker.news\/es\/wp-json\/wp\/v2\/pages"}],"about":[{"href":"https:\/\/dewapoker.news\/es\/wp-json\/wp\/v2\/types\/page"}],"author":[{"embeddable":true,"href":"https:\/\/dewapoker.news\/es\/wp-json\/wp\/v2\/users\/1"}],"replies":[{"embeddable":true,"href":"https:\/\/dewapoker.news\/es\/wp-json\/wp\/v2\/comments?post=7"}],"version-history":[{"count":7,"href":"https:\/\/dewapoker.news\/es\/wp-json\/wp\/v2\/pages\/7\/revisions"}],"predecessor-version":[{"id":40,"href":"https:\/\/dewapoker.news\/es\/wp-json\/wp\/v2\/pages\/7\/revisions\/40"}],"wp:attachment":[{"href":"https:\/\/dewapoker.news\/es\/wp-json\/wp\/v2\/media?parent=7"}],"curies":[{"name":"wp","href":"https:\/\/api.w.org\/{rel}","templated":true}]}}